{"id":812,"date":"2024-12-03T12:07:47","date_gmt":"2024-12-03T12:07:47","guid":{"rendered":"https:\/\/parkandflypro.de\/edificio-de-estacionamiento\/"},"modified":"2025-06-18T17:05:18","modified_gmt":"2025-06-18T17:05:18","slug":"edificio-de-estacionamiento","status":"publish","type":"page","link":"https:\/\/parkandflypro.de\/es\/edificio-de-estacionamiento\/","title":{"rendered":"Edificio de estacionamiento"},"content":{"rendered":"<p>[et_pb_section fb_built=\u00bb1&#8243; _builder_version=\u00bb4.27.2&#8243; _module_preset=\u00bbdefault\u00bb custom_padding=\u00bb1px||32px|||\u00bb global_colors_info=\u00bb{}\u00bb][et_pb_row _builder_version=\u00bb4.27.2&#8243; _module_preset=\u00bbdefault\u00bb global_colors_info=\u00bb{}\u00bb][et_pb_column type=\u00bb4_4&#8243; _builder_version=\u00bb4.27.2&#8243; _module_preset=\u00bbdefault\u00bb global_colors_info=\u00bb{}\u00bb][et_pb_text _builder_version=\u00bb4.27.2&#8243; _module_preset=\u00bbdefault\u00bb header_line_height=\u00bb1.6em\u00bb hover_enabled=\u00bb0&#8243; global_colors_info=\u00bb{}\u00bb sticky_enabled=\u00bb0&#8243;]<\/p>\n<h1 style=\"text-align: center;\"><strong>Inicie su viaje sin estr\u00e9s \u2013 con nuestro aparcamiento<\/strong><\/h1>\n<p>[\/et_pb_text][\/et_pb_column][\/et_pb_row][et_pb_row _builder_version=\u00bb4.27.2&#8243; _module_preset=\u00bbdefault\u00bb custom_padding=\u00bb0px|||||\u00bb global_colors_info=\u00bb{}\u00bb][et_pb_column type=\u00bb4_4&#8243; _builder_version=\u00bb4.27.2&#8243; _module_preset=\u00bbdefault\u00bb global_colors_info=\u00bb{}\u00bb][et_pb_text _builder_version=\u00bb4.27.2&#8243; _module_preset=\u00bbdefault\u00bb text_font=\u00bb||||||||\u00bb text_font_size=\u00bb18px\u00bb text_letter_spacing=\u00bb1px\u00bb text_line_height=\u00bb1.5em\u00bb header_text_align=\u00bbcenter\u00bb header_font_size=\u00bb40px\u00bb header_letter_spacing=\u00bb16px\u00bb header_line_height=\u00bb2em\u00bb header_3_font=\u00bb||||||||\u00bb header_3_text_align=\u00bbcenter\u00bb header_3_letter_spacing=\u00bb2px\u00bb header_3_line_height=\u00bb1.2em\u00bb text_orientation=\u00bbcenter\u00bb custom_margin=\u00bb-18px|||||\u00bb global_colors_info=\u00bb{}\u00bb]<\/p>\n<p style=\"text-align: center;\">Nuestro moderno aparcamiento en el aeropuerto de Hamburgo le ofrece m\u00e1xima seguridad, comodidad y flexibilidad las 24 horas del d\u00eda. Con hasta 150 plazas de estacionamiento, una zona el\u00e9ctrica propia y servicio de transporte gratuito, usted comenzar\u00e1 su viaje con total tranquilidad. <\/p>\n<p>[\/et_pb_text][\/et_pb_column][\/et_pb_row][et_pb_row column_structure=\u00bb1_2,1_2&#8243; _builder_version=\u00bb4.27.2&#8243; _module_preset=\u00bbdefault\u00bb custom_padding=\u00bb20px|||||\u00bb global_colors_info=\u00bb{}\u00bb][et_pb_column type=\u00bb1_2&#8243; _builder_version=\u00bb4.27.2&#8243; _module_preset=\u00bbdefault\u00bb global_colors_info=\u00bb{}\u00bb][et_pb_image src=\u00bbhttps:\/\/parkandflypro.de\/wp-content\/uploads\/2025\/04\/Parkhaus.jpeg\u00bb title_text=\u00bbEdificio de estacionamiento\u00bb _builder_version=\u00bb4.27.2&#8243; _module_preset=\u00bbdefault\u00bb hover_enabled=\u00bb0&#8243; border_radii=\u00bbon|5px|5px|5px|5px\u00bb box_shadow_style=\u00bbpreset1&#8243; global_colors_info=\u00bb{}\u00bb sticky_enabled=\u00bb0&#8243;][\/et_pb_image][\/et_pb_column][et_pb_column type=\u00bb1_2&#8243; _builder_version=\u00bb4.27.2&#8243; _module_preset=\u00bbdefault\u00bb global_colors_info=\u00bb{}\u00bb][et_pb_image src=\u00bbhttps:\/\/parkandflypro.de\/wp-content\/uploads\/2025\/04\/WhatsApp-Image-2025-04-15-at-14.18.48.jpeg\u00bb title_text=\u00bbWhatsApp Image 2025-04-15 at 14.18.48&#8243; _builder_version=\u00bb4.27.2&#8243; _module_preset=\u00bbdefault\u00bb hover_enabled=\u00bb0&#8243; border_radii=\u00bbon|5px|5px|5px|5px\u00bb box_shadow_style=\u00bbpreset1&#8243; global_colors_info=\u00bb{}\u00bb sticky_enabled=\u00bb0&#8243;][\/et_pb_image][\/et_pb_column][\/et_pb_row][et_pb_row column_structure=\u00bb2_5,3_5&#8243; _builder_version=\u00bb4.27.2&#8243; _module_preset=\u00bbdefault\u00bb custom_margin=\u00bb-47px|auto|-37px|auto||\u00bb hover_enabled=\u00bb0&#8243; global_colors_info=\u00bb{}\u00bb custom_padding=\u00bb11px|||||\u00bb vertical_offset=\u00bb17px\u00bb sticky_enabled=\u00bb0&#8243;][et_pb_column type=\u00bb2_5&#8243; _builder_version=\u00bb4.27.2&#8243; _module_preset=\u00bbdefault\u00bb global_colors_info=\u00bb{}\u00bb][et_pb_text _builder_version=\u00bb4.27.2&#8243; _module_preset=\u00bbdefault\u00bb text_font=\u00bb||||||||\u00bb text_font_size=\u00bb18px\u00bb text_line_height=\u00bb1.8em\u00bb header_text_align=\u00bbcenter\u00bb header_font_size=\u00bb40px\u00bb header_letter_spacing=\u00bb16px\u00bb header_line_height=\u00bb2em\u00bb header_3_font=\u00bb||||||||\u00bb header_3_text_align=\u00bbcenter\u00bb header_3_letter_spacing=\u00bb2px\u00bb header_3_line_height=\u00bb1.2em\u00bb custom_margin=\u00bb-18px|||||\u00bb custom_padding=\u00bb27px|||||\u00bb hover_enabled=\u00bb0&#8243; global_colors_info=\u00bb{}\u00bb sticky_enabled=\u00bb0&#8243;]<\/p>\n<p style=\"text-align: center;\"><strong><br \/>\ud83d\udd10 Seguridad al m\u00e1s alto nivel<\/strong><strong><\/strong><\/p>\n<p style=\"text-align: left;\">\u2705 Videovigilancia las 24 horas mediante un sistema de c\u00e1maras ultramoderno<\/p>\n<p>\u2705 Control adicional: El recinto es inspeccionado cada 3-4 horas por una empresa de seguridad externa.<\/p>\n<p>\u2705 Acceso \u00fanicamente a trav\u00e9s de barrera \u2013 entrada y salida controladas<\/p>\n<p>\u2705 Iluminaci\u00f3n adecuada <span style=\"font-size: 18px;\">en todos los niveles para m\u00e1xima visibilidad y seguridad \u2013 d\u00eda &amp; noche<\/span><\/p>\n<p style=\"text-align: left;\"><span style=\"font-size: 18px; text-align: center;\"><\/span><\/p>\n<p>[\/et_pb_text][\/et_pb_column][et_pb_column type=\u00bb3_5&#8243; _builder_version=\u00bb4.27.2&#8243; _module_preset=\u00bbdefault\u00bb global_colors_info=\u00bb{}\u00bb][et_pb_image src=\u00bbhttps:\/\/parkandflypro.de\/wp-content\/uploads\/2025\/04\/Einfahrt_2.jpeg\u00bb title_text=\u00bbEinfahrt_2&#8243; _builder_version=\u00bb4.27.2&#8243; _module_preset=\u00bbdefault\u00bb min_height=\u00bb355.2px\u00bb custom_margin=\u00bb-28px||23px|||\u00bb custom_padding=\u00bb45px||0px|||\u00bb hover_enabled=\u00bb0&#8243; global_colors_info=\u00bb{}\u00bb box_shadow_style=\u00bbpreset1&#8243; border_radii=\u00bbon|5px|5px|5px|5px\u00bb sticky_enabled=\u00bb0&#8243;][\/et_pb_image][\/et_pb_column][\/et_pb_row][et_pb_row _builder_version=\u00bb4.27.2&#8243; _module_preset=\u00bbdefault\u00bb][et_pb_column _builder_version=\u00bb4.27.2&#8243; _module_preset=\u00bbdefault\u00bb type=\u00bb4_4&#8243;][et_pb_button button_text=\u00bb\u00a1Asegure su plaza de aparcamiento ahora!\u00bb _builder_version=\u00bb4.27.2&#8243; _module_preset=\u00bbdefault\u00bb button_url=\u00bb@ET-DC@eyJkeW5hbWljIjp0cnVlLCJjb250ZW50IjoicG9zdF9saW5rX3VybF9wYWdlIiwic2V0dGluZ3MiOnsicG9zdF9pZCI6IjMyIn19@\u00bb _dynamic_attributes=\u00bbbutton_url\u00bb hover_enabled=\u00bb0&#8243; sticky_enabled=\u00bb0&#8243; z_index=\u00bb0&#8243; positioning=\u00bbrelative\u00bb vertical_offset=\u00bb0px\u00bb horizontal_offset=\u00bb33px\u00bb][\/et_pb_button][\/et_pb_column][\/et_pb_row][et_pb_row _builder_version=\u00bb4.27.2&#8243; _module_preset=\u00bbdefault\u00bb custom_margin=\u00bb-2px|auto||auto||\u00bb][et_pb_column _builder_version=\u00bb4.27.2&#8243; _module_preset=\u00bbdefault\u00bb type=\u00bb4_4&#8243;][et_pb_text _builder_version=\u00bb4.27.2&#8243; _module_preset=\u00bbdefault\u00bb text_font=\u00bb||||||||\u00bb text_font_size=\u00bb18px\u00bb text_letter_spacing=\u00bb1px\u00bb text_line_height=\u00bb1.5em\u00bb header_text_align=\u00bbcenter\u00bb header_font_size=\u00bb40px\u00bb header_letter_spacing=\u00bb16px\u00bb header_line_height=\u00bb2em\u00bb header_3_font=\u00bb||||||||\u00bb header_3_text_align=\u00bbcenter\u00bb header_3_letter_spacing=\u00bb2px\u00bb header_3_line_height=\u00bb1.2em\u00bb text_orientation=\u00bbcenter\u00bb custom_margin=\u00bb-18px|||||\u00bb hover_enabled=\u00bb0&#8243; global_colors_info=\u00bb{}\u00bb sticky_enabled=\u00bb0&#8243;]<\/p>\n<p style=\"text-align: center;\"><span style=\"color: #a30100; font-size: large;\"><strong>Seguro. Cubierto. C\u00f3modo.  <\/strong><\/span><br \/>Nuestro aparcamiento est\u00e1 equipado con un ascensor moderno en todos los niveles. Las plazas de estacionamiento se encuentran en una <strong data-start=\"234\" data-end=\"264\">zona cubierta y segura<\/strong> que protege de manera fiable su veh\u00edculo contra las inclemencias meteorol\u00f3gicas. Su comodidad es nuestra prioridad, por lo que nos aseguramos de que disfrute del m\u00e1ximo confort tanto al estacionar como durante el trayecto en el transporte.  <\/p>\n<p>[\/et_pb_text][\/et_pb_column][\/et_pb_row][et_pb_row _builder_version=\u00bb4.27.2&#8243; _module_preset=\u00bbdefault\u00bb column_structure=\u00bb1_3,1_3,1_3&#8243; custom_padding=\u00bb0px||1px|||\u00bb][et_pb_column _builder_version=\u00bb4.27.2&#8243; _module_preset=\u00bbdefault\u00bb type=\u00bb1_3&#8243;][et_pb_image src=\u00bbhttps:\/\/parkandflypro.de\/wp-content\/uploads\/2025\/04\/Fahrstuhl.jpeg\u00bb _builder_version=\u00bb4.27.2&#8243; _module_preset=\u00bbdefault\u00bb title_text=\u00bbFahrstuhl\u00bb hover_enabled=\u00bb0&#8243; sticky_enabled=\u00bb0&#8243; border_radii=\u00bbon|3px|3px|3px|3px\u00bb box_shadow_style=\u00bbpreset1&#8243;][\/et_pb_image][\/et_pb_column][et_pb_column _builder_version=\u00bb4.27.2&#8243; _module_preset=\u00bbdefault\u00bb type=\u00bb1_3&#8243;][et_pb_image src=\u00bbhttps:\/\/parkandflypro.de\/wp-content\/uploads\/2025\/04\/Uberdacht_2-scaled.jpg\u00bb _builder_version=\u00bb4.27.2&#8243; _module_preset=\u00bbdefault\u00bb title_text=\u00bb\u00dcberdacht_2&#8243; hover_enabled=\u00bb0&#8243; sticky_enabled=\u00bb0&#8243; border_radii=\u00bbon|3px|3px|3px|3px\u00bb box_shadow_style=\u00bbpreset1&#8243;][\/et_pb_image][\/et_pb_column][et_pb_column _builder_version=\u00bb4.27.2&#8243; _module_preset=\u00bbdefault\u00bb type=\u00bb1_3&#8243;][et_pb_image src=\u00bbhttps:\/\/parkandflypro.de\/wp-content\/uploads\/2025\/04\/Uberdacht_1-scaled.jpg\u00bb _builder_version=\u00bb4.27.2&#8243; _module_preset=\u00bbdefault\u00bb title_text=\u00bb\u00dcberdacht_1&#8243; hover_enabled=\u00bb0&#8243; sticky_enabled=\u00bb0&#8243; border_radii=\u00bbon|3px|3px|3px|3px\u00bb box_shadow_style=\u00bbpreset1&#8243;][\/et_pb_image][\/et_pb_column][\/et_pb_row][et_pb_row _builder_version=\u00bb4.27.2&#8243; _module_preset=\u00bbdefault\u00bb custom_margin=\u00bb20px|auto||auto||\u00bb custom_padding=\u00bb||19px|||\u00bb][et_pb_column _builder_version=\u00bb4.27.2&#8243; _module_preset=\u00bbdefault\u00bb type=\u00bb4_4&#8243;][et_pb_text _builder_version=\u00bb4.27.2&#8243; _module_preset=\u00bbdefault\u00bb text_font=\u00bb||||||||\u00bb text_font_size=\u00bb18px\u00bb text_letter_spacing=\u00bb1px\u00bb text_line_height=\u00bb1.5em\u00bb header_text_align=\u00bbcenter\u00bb header_font_size=\u00bb40px\u00bb header_letter_spacing=\u00bb16px\u00bb header_line_height=\u00bb2em\u00bb header_3_font=\u00bb||||||||\u00bb header_3_text_align=\u00bbcenter\u00bb header_3_letter_spacing=\u00bb2px\u00bb header_3_line_height=\u00bb1.2em\u00bb text_orientation=\u00bbcenter\u00bb custom_margin=\u00bb-18px||8px|||\u00bb global_colors_info=\u00bb{}\u00bb]<\/p>\n<p data-start=\"165\" data-end=\"378\" class=\"\"><span style=\"color: #a30100; font-size: large;\"><strong>\u00bfLe encantan las hermosas vistas?<\/strong><\/span><br data-start=\"194\" data-end=\"197\">Entonces nuestra <strong>planta superior<\/strong> es perfecta para usted. Desde aqu\u00ed disfrutar\u00e1 de una <strong>vista impresionante de Hamburgo<\/strong> \u2013 incluyendo una <strong>vista directa del estadio Volksparkstadion del HSV.<\/strong><br \/>Premiese al inicio de su viaje con una vista \u00fanica de Hamburgo \u2013 exclusivamente desde la planta superior. Ya sea al amanecer o por la noche en un mar de luces: estacionar nunca hab\u00eda sido tan prometedor.  <\/p>\n<p>[\/et_pb_text][\/et_pb_column][\/et_pb_row][et_pb_row _builder_version=\u00bb4.27.2&#8243; _module_preset=\u00bbdefault\u00bb column_structure=\u00bb1_3,1_3,1_3&#8243; custom_padding=\u00bb0px||1px|||\u00bb hover_enabled=\u00bb0&#8243; sticky_enabled=\u00bb0&#8243;][et_pb_column _builder_version=\u00bb4.27.2&#8243; _module_preset=\u00bbdefault\u00bb type=\u00bb1_3&#8243;][et_pb_image src=\u00bbhttps:\/\/parkandflypro.de\/wp-content\/uploads\/2025\/04\/Obergeschoss_1.jpeg\u00bb _builder_version=\u00bb4.27.2&#8243; _module_preset=\u00bbdefault\u00bb title_text=\u00bbObergeschoss_1&#8243; hover_enabled=\u00bb0&#8243; sticky_enabled=\u00bb0&#8243; custom_padding=\u00bb||5px|||\u00bb border_radii=\u00bbon|3px|3px|3px|3px\u00bb box_shadow_style=\u00bbpreset1&#8243;][\/et_pb_image][\/et_pb_column][et_pb_column _builder_version=\u00bb4.27.2&#8243; _module_preset=\u00bbdefault\u00bb type=\u00bb1_3&#8243;][et_pb_image src=\u00bbhttps:\/\/parkandflypro.de\/wp-content\/uploads\/2025\/04\/Obergeschoss_3.jpeg\u00bb _builder_version=\u00bb4.27.2&#8243; _module_preset=\u00bbdefault\u00bb title_text=\u00bbObergeschoss_3&#8243; hover_enabled=\u00bb0&#8243; sticky_enabled=\u00bb0&#8243; border_radii=\u00bbon|3px|3px|3px|3px\u00bb box_shadow_style=\u00bbpreset1&#8243;][\/et_pb_image][\/et_pb_column][et_pb_column _builder_version=\u00bb4.27.2&#8243; _module_preset=\u00bbdefault\u00bb type=\u00bb1_3&#8243;][et_pb_image src=\u00bbhttps:\/\/parkandflypro.de\/wp-content\/uploads\/2025\/04\/Aussicht-HSV-1-scaled.jpg\u00bb _builder_version=\u00bb4.27.2&#8243; _module_preset=\u00bbdefault\u00bb title_text=\u00bbAussicht HSV (1)\u00bb hover_enabled=\u00bb0&#8243; sticky_enabled=\u00bb0&#8243; border_radii=\u00bbon|3px|3px|3px|3px\u00bb box_shadow_style=\u00bbpreset1&#8243;][\/et_pb_image][\/et_pb_column][\/et_pb_row][et_pb_row _builder_version=\u00bb4.27.2&#8243; _module_preset=\u00bbdefault\u00bb custom_margin=\u00bb20px|auto||auto||\u00bb custom_padding=\u00bb||5px|||\u00bb][et_pb_column _builder_version=\u00bb4.27.2&#8243; _module_preset=\u00bbdefault\u00bb type=\u00bb4_4&#8243;][et_pb_text _builder_version=\u00bb4.27.2&#8243; _module_preset=\u00bbdefault\u00bb text_font=\u00bb||||||||\u00bb text_font_size=\u00bb18px\u00bb text_letter_spacing=\u00bb1px\u00bb text_line_height=\u00bb1.5em\u00bb header_text_align=\u00bbcenter\u00bb header_font_size=\u00bb40px\u00bb header_letter_spacing=\u00bb16px\u00bb header_line_height=\u00bb2em\u00bb header_3_font=\u00bb||||||||\u00bb header_3_text_align=\u00bbcenter\u00bb header_3_letter_spacing=\u00bb2px\u00bb header_3_line_height=\u00bb1.2em\u00bb text_orientation=\u00bbcenter\u00bb custom_margin=\u00bb-18px||8px|||\u00bb hover_enabled=\u00bb0&#8243; global_colors_info=\u00bb{}\u00bb sticky_enabled=\u00bb0&#8243;]<\/p>\n<p data-start=\"165\" data-end=\"378\" class=\"\"><span style=\"color: #a30100; font-size: large;\"><strong>Plazas de aparcamiento el\u00e9ctrico<\/strong><\/span><br data-start=\"194\" data-end=\"197\">Nuestras <strong>plazas de aparcamiento el\u00e9ctrico<\/strong> est\u00e1n equipadas con estaciones de carga ultramodernas que garantizan una carga r\u00e1pida y eficiente de su veh\u00edculo el\u00e9ctrico. Puede iniciar su viaje mientras su veh\u00edculo se prepara para el regreso. Con nuestra zona el\u00e9ctrica, apostamos por la sostenibilidad y la protecci\u00f3n del medio ambiente. Estacione su veh\u00edculo el\u00e9ctrico en un lugar que no solo le ofrece seguridad y comodidad, sino que tambi\u00e9n contribuye a reducir su huella de carbono.   <\/p>\n<p>[\/et_pb_text][\/et_pb_column][\/et_pb_row][et_pb_row _builder_version=\u00bb4.27.2&#8243; _module_preset=\u00bbdefault\u00bb background_image=\u00bbhttps:\/\/parkandflypro.de\/wp-content\/uploads\/2024\/12\/Elektroparkplatze.jpg\u00bb min_height=\u00bb350px\u00bb hover_enabled=\u00bb0&#8243; global_colors_info=\u00bb{}\u00bb custom_padding=\u00bb||72px|||\u00bb sticky_enabled=\u00bb0&#8243; border_radii=\u00bbon|3px|3px|3px|3px\u00bb border_radii__hover_enabled=\u00bbon|desktop\u00bb box_shadow_style=\u00bbpreset1&#8243; border_radii__hover=\u00bbon|3px|3px|3px|3px\u00bb][et_pb_column type=\u00bb4_4&#8243; _builder_version=\u00bb4.27.2&#8243; _module_preset=\u00bbdefault\u00bb global_colors_info=\u00bb{}\u00bb][\/et_pb_column][\/et_pb_row][\/et_pb_section]<\/p>\n","protected":false},"excerpt":{"rendered":"<p>Inicie su viaje sin estr\u00e9s \u2013 con nuestro aparcamientoNuestro moderno aparcamiento en el aeropuerto de Hamburgo le ofrece m\u00e1xima seguridad, comodidad y flexibilidad las 24 horas del d\u00eda. Con hasta 150 plazas de estacionamiento, una zona el\u00e9ctrica propia y servicio de transporte gratuito, usted comenzar\u00e1 su viaje con total tranquilidad. \ud83d\udd10 Seguridad al m\u00e1s alto [&hellip;]<\/p>\n","protected":false},"author":1,"featured_media":0,"parent":0,"menu_order":0,"comment_status":"closed","ping_status":"closed","template":"","meta":{"_et_pb_use_builder":"on","_et_pb_old_content":"","_et_gb_content_width":"","footnotes":""},"class_list":["post-812","page","type-page","status-publish","hentry"],"_links":{"self":[{"href":"https:\/\/parkandflypro.de\/es\/wp-json\/wp\/v2\/pages\/812","targetHints":{"allow":["GET"]}}],"collection":[{"href":"https:\/\/parkandflypro.de\/es\/wp-json\/wp\/v2\/pages"}],"about":[{"href":"https:\/\/parkandflypro.de\/es\/wp-json\/wp\/v2\/types\/page"}],"author":[{"embeddable":true,"href":"https:\/\/parkandflypro.de\/es\/wp-json\/wp\/v2\/users\/1"}],"replies":[{"embeddable":true,"href":"https:\/\/parkandflypro.de\/es\/wp-json\/wp\/v2\/comments?post=812"}],"version-history":[{"count":2,"href":"https:\/\/parkandflypro.de\/es\/wp-json\/wp\/v2\/pages\/812\/revisions"}],"predecessor-version":[{"id":818,"href":"https:\/\/parkandflypro.de\/es\/wp-json\/wp\/v2\/pages\/812\/revisions\/818"}],"wp:attachment":[{"href":"https:\/\/parkandflypro.de\/es\/wp-json\/wp\/v2\/media?parent=812"}],"curies":[{"name":"wp","href":"https:\/\/api.w.org\/{rel}","templated":true}]}}