{"id":768,"date":"2024-11-26T09:20:56","date_gmt":"2024-11-26T09:20:56","guid":{"rendered":"https:\/\/parkandflypro.de\/declaracion-de-privacidad\/"},"modified":"2025-06-18T17:04:22","modified_gmt":"2025-06-18T17:04:22","slug":"declaracion-de-privacidad","status":"publish","type":"page","link":"https:\/\/parkandflypro.de\/es\/declaracion-de-privacidad\/","title":{"rendered":"Declaraci\u00f3n de Privacidad"},"content":{"rendered":"<p>[et_pb_section fb_built=\u00bb1&#8243; _builder_version=\u00bb4.27.2&#8243; _module_preset=\u00bbdefault\u00bb global_colors_info=\u00bb{}\u00bb][et_pb_row _builder_version=\u00bb4.27.2&#8243; _module_preset=\u00bbdefault\u00bb global_colors_info=\u00bb{}\u00bb][et_pb_column type=\u00bb4_4&#8243; _builder_version=\u00bb4.27.2&#8243; _module_preset=\u00bbdefault\u00bb global_colors_info=\u00bb{}\u00bb][et_pb_text _builder_version=\u00bb4.27.2&#8243; _module_preset=\u00bbdefault\u00bb global_colors_info=\u00bb{}\u00bb]<\/p>\n<h1>Datenschutzerkl\u00e4rung<\/h1>\n<h2>1. Datenschutz auf einen Blick<\/h2>\n<p>Wir nehmen den Schutz Ihrer pers\u00f6nlichen Daten sehr ernst und behandeln Ihre personenbezogenen Daten vertraulich und entsprechend der gesetzlichen Datenschutzvorschriften sowie dieser Datenschutzerkl\u00e4rung. Wenn Sie diese Website benutzen, werden verschiedene personenbezogene Daten erhoben. Personenbezogene Daten sind Daten, mit denen Sie pers\u00f6nlich identifiziert werden k\u00f6nnen.<\/p>\n<h2>2. Verantwortliche Stelle<\/h2>\n<p>Park&amp;Fly PRO<br \/>Kanan Safarov<br \/>B\u00fcltbek 30<br \/>22962 Siek<br \/>E-Mail: <a href=\"mailto:info@parkandflypro.de\">info@parkandflypro.de<\/a><\/p>\n<h2>3. Datenerfassung auf unserer Website<\/h2>\n<h3>a) Server-Log-Dateien<\/h3>\n<p>Der Provider der Seiten erhebt und speichert automatisch Informationen in sogenannten Server-Log-Dateien, die Ihr Browser automatisch an uns \u00fcbermittelt. Dies sind:<\/p>\n<ul>\n<li>Browsertyp und Browserversion<\/li>\n<li>verwendetes Betriebssystem<\/li>\n<li>Referrer URL<\/li>\n<li>Hostname des zugreifenden Rechners<\/li>\n<li>Uhrzeit der Serveranfrage<\/li>\n<li>IP-Adresse<\/li>\n<\/ul>\n<p>Eine Zusammenf\u00fchrung dieser Daten mit anderen Datenquellen wird nicht vorgenommen.<\/p>\n<h3>b) Kontaktformular<\/h3>\n<p>Wenn Sie uns per Kontaktformular Anfragen zukommen lassen, werden Ihre Angaben aus dem Anfrageformular inklusive der von Ihnen dort angegebenen Kontaktdaten zwecks Bearbeitung der Anfrage und f\u00fcr den Fall von Anschlussfragen bei uns gespeichert. Diese Daten geben wir nicht ohne Ihre Einwilligung weiter.<\/p>\n<h2>4. Datenverarbeitung bei Buchungen<\/h2>\n<p>Wenn Sie eine Buchung bei uns vornehmen, erheben wir personenbezogene Daten (z. B. Name, Kontaktdaten, Zahlungsinformationen), die zur Abwicklung Ihrer Buchung erforderlich sind. Diese Daten werden nur zur Durchf\u00fchrung und Abwicklung des Vertrags verwendet und nicht an Dritte weitergegeben, es sei denn, dies ist zur Erf\u00fcllung des Vertrags erforderlich.<\/p>\n<h2>5. Analyse-Tools und Werbung<\/h2>\n<p>Unsere Website verwendet keine Analyse-Tools oder Tracking-Software. Wenn wir in Zukunft solche Technologien verwenden sollten, werden wir Sie ausdr\u00fccklich darauf hinweisen und Ihre Zustimmung einholen.<\/p>\n<h2>6. Rechte des Nutzers<\/h2>\n<p>Sie haben das Recht:<\/p>\n<ul>\n<li>auf Auskunft \u00fcber Ihre bei uns gespeicherten Daten und deren Verarbeitung;<\/li>\n<li>auf Berichtigung unrichtiger personenbezogener Daten;<\/li>\n<li>auf L\u00f6schung Ihrer bei uns gespeicherten Daten, soweit keine gesetzliche Aufbewahrungspflicht besteht;<\/li>\n<li>auf Einschr\u00e4nkung der Datenverarbeitung, sofern wir Ihre Daten aufgrund gesetzlicher Pflichten noch nicht l\u00f6schen d\u00fcrfen;<\/li>\n<li>auf Widerspruch gegen die Verarbeitung Ihrer Daten;<\/li>\n<li>auf Daten\u00fcbertragbarkeit, sofern Sie in die Datenverarbeitung eingewilligt haben oder einen Vertrag mit uns abgeschlossen haben.<\/li>\n<\/ul>\n<h2>7. Beschwerderecht bei der zust\u00e4ndigen Aufsichtsbeh\u00f6rde<\/h2>\n<p>Im Falle datenschutzrechtlicher Verst\u00f6\u00dfe steht Ihnen ein Beschwerderecht bei der zust\u00e4ndigen Aufsichtsbeh\u00f6rde zu. Die zust\u00e4ndige Aufsichtsbeh\u00f6rde in Datenschutzfragen ist der Landesdatenschutzbeauftragte des Bundeslandes, in dem unser Unternehmen seinen Sitz hat.<\/p>\n<h2>8. \u00c4nderungen dieser Datenschutzerkl\u00e4rung<\/h2>\n<p>Wir behalten uns das Recht vor, diese Datenschutzerkl\u00e4rung anzupassen, damit sie stets den aktuellen rechtlichen Anforderungen entspricht oder um \u00c4nderungen unserer Leistungen in der Datenschutzerkl\u00e4rung umzusetzen.<\/p>\n<p>[\/et_pb_text][\/et_pb_column][\/et_pb_row][\/et_pb_section]<\/p>\n","protected":false},"excerpt":{"rendered":"<p>Datenschutzerkl\u00e4rung 1. Datenschutz auf einen Blick Wir nehmen den Schutz Ihrer pers\u00f6nlichen Daten sehr ernst und behandeln Ihre personenbezogenen Daten vertraulich und entsprechend der gesetzlichen Datenschutzvorschriften sowie dieser Datenschutzerkl\u00e4rung. Wenn Sie diese Website benutzen, werden verschiedene personenbezogene Daten erhoben. Personenbezogene Daten sind Daten, mit denen Sie pers\u00f6nlich identifiziert werden k\u00f6nnen. 2. Verantwortliche Stelle Park&amp;Fly PROKanan [&hellip;]<\/p>\n","protected":false},"author":1,"featured_media":0,"parent":0,"menu_order":0,"comment_status":"closed","ping_status":"closed","template":"","meta":{"_et_pb_use_builder":"on","_et_pb_old_content":"","_et_gb_content_width":"","footnotes":""},"class_list":["post-768","page","type-page","status-publish","hentry"],"_links":{"self":[{"href":"https:\/\/parkandflypro.de\/es\/wp-json\/wp\/v2\/pages\/768","targetHints":{"allow":["GET"]}}],"collection":[{"href":"https:\/\/parkandflypro.de\/es\/wp-json\/wp\/v2\/pages"}],"about":[{"href":"https:\/\/parkandflypro.de\/es\/wp-json\/wp\/v2\/types\/page"}],"author":[{"embeddable":true,"href":"https:\/\/parkandflypro.de\/es\/wp-json\/wp\/v2\/users\/1"}],"replies":[{"embeddable":true,"href":"https:\/\/parkandflypro.de\/es\/wp-json\/wp\/v2\/comments?post=768"}],"version-history":[{"count":2,"href":"https:\/\/parkandflypro.de\/es\/wp-json\/wp\/v2\/pages\/768\/revisions"}],"predecessor-version":[{"id":770,"href":"https:\/\/parkandflypro.de\/es\/wp-json\/wp\/v2\/pages\/768\/revisions\/770"}],"wp:attachment":[{"href":"https:\/\/parkandflypro.de\/es\/wp-json\/wp\/v2\/media?parent=768"}],"curies":[{"name":"wp","href":"https:\/\/api.w.org\/{rel}","templated":true}]}}