{"id":741,"date":"2024-11-26T09:22:17","date_gmt":"2024-11-26T09:22:17","guid":{"rendered":"https:\/\/parkandflypro.de\/aviso-legal\/"},"modified":"2025-06-18T17:04:03","modified_gmt":"2025-06-18T17:04:03","slug":"aviso-legal","status":"publish","type":"page","link":"https:\/\/parkandflypro.de\/es\/aviso-legal\/","title":{"rendered":"Aviso legal"},"content":{"rendered":"<p>[et_pb_section fb_built=\u00bb1&#8243; theme_builder_area=\u00bbpost_content\u00bb _builder_version=\u00bb4.27.2&#8243; _module_preset=\u00bbdefault\u00bb][et_pb_row _builder_version=\u00bb4.27.2&#8243; _module_preset=\u00bbdefault\u00bb theme_builder_area=\u00bbpost_content\u00bb][et_pb_column _builder_version=\u00bb4.27.2&#8243; _module_preset=\u00bbdefault\u00bb type=\u00bb4_4&#8243; theme_builder_area=\u00bbpost_content\u00bb][et_pb_text _builder_version=\u00bb4.27.2&#8243; _module_preset=\u00bbdefault\u00bb theme_builder_area=\u00bbpost_content\u00bb hover_enabled=\u00bb0&#8243; sticky_enabled=\u00bb0&#8243;]<\/p>\n<h1>Aviso legal<\/h1>\n<h2>Informaci\u00f3n seg\u00fan el art\u00edculo 5 de la Ley de Telemedia (TMG)<\/h2>\n<p>Park&amp;Fly PRO<br \/>Kanan Safarov<br \/>B\u00fcltbek 30<br \/>22962 Siek<br \/>Alemania<\/p>\n<h2>Contacto<\/h2>\n<p>Correo electr\u00f3nico: <a href=\"mailto:info@parkandflypro.de\">info@parkandflypro.de<\/a><br \/>Sitio web: <a href=\"http:\/\/www.parkandflypro.de\">www.parkandflypro.de<\/a><\/p>\n<h2>N\u00famero de identificaci\u00f3n fiscal<\/h2>\n<p>46\/20606273<\/p>\n<h2>N\u00famero de identificaci\u00f3n del impuesto sobre el valor a\u00f1adido conforme al art\u00edculo 27a de la Ley del Impuesto sobre el Valor A\u00f1adido<\/h2>\n<p>DE363689798<\/p>\n<h2>Responsable del contenido seg\u00fan el art\u00edculo 55, p\u00e1rrafo 2, del Tratado Interestatal de Radiodifusi\u00f3n (RStV) <\/h2>\n<p>Kanan Safarov<br \/>B\u00fcltbek 30<br \/>22962 Siek<\/p>\n<h2>Nota sobre la resoluci\u00f3n de litigios en l\u00ednea<\/h2>\n<p>La Comisi\u00f3n Europea proporciona una plataforma para la resoluci\u00f3n de litigios en l\u00ednea (OS): <a href=\"https:\/\/ec.europa.eu\/consumers\/odr\">https:\/\/ec.europa.eu\/consumers\/odr<\/a><br \/>Nuestra direcci\u00f3n de correo electr\u00f3nico se encuentra en la parte superior del aviso legal.<\/p>\n<h2>Exenci\u00f3n de responsabilidad<\/h2>\n<p>Los contenidos de nuestras p\u00e1ginas han sido elaborados con el m\u00e1ximo esmero. No obstante, no podemos garantizar la exactitud, integridad y actualidad de los contenidos. Como proveedor de servicios, somos responsables de nuestros propios contenidos en estas p\u00e1ginas de acuerdo con las leyes generales, conforme al art\u00edculo 7, p\u00e1rrafo 1 de la Ley de Telemedia (TMG).   <\/p>\n<p>[\/et_pb_text][\/et_pb_column][\/et_pb_row][\/et_pb_section]<\/p>\n","protected":false},"excerpt":{"rendered":"<p>Aviso legal Informaci\u00f3n seg\u00fan el art\u00edculo 5 de la Ley de Telemedia (TMG) Park&amp;Fly PROKanan SafarovB\u00fcltbek 3022962 SiekAlemania Contacto Correo electr\u00f3nico: info@parkandflypro.deSitio web: www.parkandflypro.de N\u00famero de identificaci\u00f3n fiscal 46\/20606273 N\u00famero de identificaci\u00f3n del impuesto sobre el valor a\u00f1adido conforme al art\u00edculo 27a de la Ley del Impuesto sobre el Valor A\u00f1adido DE363689798 Responsable del contenido [&hellip;]<\/p>\n","protected":false},"author":1,"featured_media":0,"parent":0,"menu_order":0,"comment_status":"closed","ping_status":"closed","template":"","meta":{"_et_pb_use_builder":"on","_et_pb_old_content":"","_et_gb_content_width":"","footnotes":""},"class_list":["post-741","page","type-page","status-publish","hentry"],"_links":{"self":[{"href":"https:\/\/parkandflypro.de\/es\/wp-json\/wp\/v2\/pages\/741","targetHints":{"allow":["GET"]}}],"collection":[{"href":"https:\/\/parkandflypro.de\/es\/wp-json\/wp\/v2\/pages"}],"about":[{"href":"https:\/\/parkandflypro.de\/es\/wp-json\/wp\/v2\/types\/page"}],"author":[{"embeddable":true,"href":"https:\/\/parkandflypro.de\/es\/wp-json\/wp\/v2\/users\/1"}],"replies":[{"embeddable":true,"href":"https:\/\/parkandflypro.de\/es\/wp-json\/wp\/v2\/comments?post=741"}],"version-history":[{"count":2,"href":"https:\/\/parkandflypro.de\/es\/wp-json\/wp\/v2\/pages\/741\/revisions"}],"predecessor-version":[{"id":745,"href":"https:\/\/parkandflypro.de\/es\/wp-json\/wp\/v2\/pages\/741\/revisions\/745"}],"wp:attachment":[{"href":"https:\/\/parkandflypro.de\/es\/wp-json\/wp\/v2\/media?parent=741"}],"curies":[{"name":"wp","href":"https:\/\/api.w.org\/{rel}","templated":true}]}}