{"id":732,"date":"2024-11-26T09:19:44","date_gmt":"2024-11-26T09:19:44","guid":{"rendered":"https:\/\/parkandflypro.de\/terminos-y-condiciones\/"},"modified":"2025-06-18T17:03:54","modified_gmt":"2025-06-18T17:03:54","slug":"terminos-y-condiciones","status":"publish","type":"page","link":"https:\/\/parkandflypro.de\/es\/terminos-y-condiciones\/","title":{"rendered":"T\u00e9rminos y condiciones"},"content":{"rendered":"<p>[et_pb_section fb_built=\u00bb1&#8243; _builder_version=\u00bb4.27.2&#8243; _module_preset=\u00bbdefault\u00bb global_colors_info=\u00bb{}\u00bb][et_pb_row _builder_version=\u00bb4.27.2&#8243; _module_preset=\u00bbdefault\u00bb global_colors_info=\u00bb{}\u00bb][et_pb_column type=\u00bb4_4&#8243; _builder_version=\u00bb4.27.2&#8243; _module_preset=\u00bbdefault\u00bb global_colors_info=\u00bb{}\u00bb][et_pb_text _builder_version=\u00bb4.27.2&#8243; _module_preset=\u00bbdefault\u00bb global_colors_info=\u00bb{}\u00bb]<\/p>\n<h1>1. \u00c1mbito de aplicaci\u00f3n<\/h1>\n<p>Estos T\u00e9rminos y Condiciones Generales (TCG) se aplican a todos los contratos relativos al uso de estacionamientos y otros servicios celebrados entre Park PRO y sus clientes. No se aceptar\u00e1n condiciones divergentes del cliente, a menos que Park PRO acceda expresamente por escrito a su validez. <\/p>\n<h1>2. Objeto del contrato<\/h1>\n<p>El objeto del contrato es la cesi\u00f3n de una plaza de estacionamiento para un veh\u00edculo motorizado, as\u00ed como el uso de otros servicios en el marco de Park PRO. No existe derecho a una plaza de estacionamiento espec\u00edfica, a menos que se haya reservado expresamente. <\/p>\n<h1>3. Celebraci\u00f3n del contrato<\/h1>\n<p>El contrato se considera celebrado una vez que el cliente recibe una confirmaci\u00f3n de reserva. Esta confirmaci\u00f3n se realiza generalmente por correo electr\u00f3nico. El cliente se compromete a utilizar los servicios reservados de acuerdo con la confirmaci\u00f3n y a abonar todas las tarifas correspondientes.  <\/p>\n<h1>4. Precios y condiciones de pago<\/h1>\n<p>Todos los precios se expresan en euros e incluyen el impuesto sobre el valor a\u00f1adido vigente. Las tarifas por los servicios reservados deben abonarse, a m\u00e1s tardar, al utilizar el estacionamiento. Los medios de pago aceptados se indicar\u00e1n en la confirmaci\u00f3n de la reserva.   <\/p>\n<h1>5. Cancelaci\u00f3n y desistimiento<\/h1>\n<p>El cliente puede cancelar la reserva sin coste hasta 24 horas antes del per\u00edodo de estacionamiento reservado. En caso de cancelaci\u00f3n dentro de las 24 horas previas al per\u00edodo reservado, se aplicar\u00e1 una tasa de cancelaci\u00f3n del 50% del precio de la reserva. En caso de no presentarse o de cancelaci\u00f3n despu\u00e9s del inicio del per\u00edodo de reserva, se facturar\u00e1 el importe total.  <\/p>\n<h1>6. Uso del estacionamiento<\/h1>\n<p>El cliente est\u00e1 obligado a estacionar el veh\u00edculo dentro de las \u00e1reas marcadas y a no obstaculizar a otros usuarios del estacionamiento. Park PRO no asume ninguna responsabilidad por da\u00f1os al veh\u00edculo causados por terceros, ni por el robo de veh\u00edculos o partes de los mismos. <\/p>\n<h1>7. Responsabilidad y exenci\u00f3n de responsabilidad<\/h1>\n<p>Park PRO solo ser\u00e1 responsable de los da\u00f1os causados por negligencia grave o dolo. En caso de negligencia simple, Park PRO solo ser\u00e1 responsable si se ha incumplido una obligaci\u00f3n contractual esencial y la responsabilidad se limita al da\u00f1o previsible. Se excluye la responsabilidad por da\u00f1os indirectos.  <\/p>\n<h1>8. Protecci\u00f3n de datos<\/h1>\n<p>La recopilaci\u00f3n, el procesamiento y el uso de los datos personales del cliente se realizan exclusivamente en el marco de las disposiciones legales y seg\u00fan lo descrito en la pol\u00edtica de privacidad.<\/p>\n<h1>9. Disposiciones finales<\/h1>\n<p>Si alguna disposici\u00f3n de estos TCG fuera o resultara inv\u00e1lida, ello no afectar\u00e1 a la validez de las dem\u00e1s disposiciones. En lugar de la disposici\u00f3n inv\u00e1lida, se considerar\u00e1 acordada una regulaci\u00f3n que se aproxime lo m\u00e1s posible al prop\u00f3sito econ\u00f3mico de la disposici\u00f3n inv\u00e1lida. Se aplica la legislaci\u00f3n de la Rep\u00fablica Federal de Alemania. El tribunal competente para todas las disputas derivadas de este contrato ser\u00e1, en la medida en que la ley lo permita, la sede de Park PRO.   <\/p>\n<p>[\/et_pb_text][\/et_pb_column][\/et_pb_row][\/et_pb_section]<\/p>\n","protected":false},"excerpt":{"rendered":"<p>1. \u00c1mbito de aplicaci\u00f3n Estos T\u00e9rminos y Condiciones Generales (TCG) se aplican a todos los contratos relativos al uso de estacionamientos y otros servicios celebrados entre Park PRO y sus clientes. No se aceptar\u00e1n condiciones divergentes del cliente, a menos que Park PRO acceda expresamente por escrito a su validez. 2. Objeto del contrato El [&hellip;]<\/p>\n","protected":false},"author":1,"featured_media":0,"parent":0,"menu_order":0,"comment_status":"closed","ping_status":"closed","template":"","meta":{"_et_pb_use_builder":"on","_et_pb_old_content":"","_et_gb_content_width":"","footnotes":""},"class_list":["post-732","page","type-page","status-publish","hentry"],"_links":{"self":[{"href":"https:\/\/parkandflypro.de\/es\/wp-json\/wp\/v2\/pages\/732","targetHints":{"allow":["GET"]}}],"collection":[{"href":"https:\/\/parkandflypro.de\/es\/wp-json\/wp\/v2\/pages"}],"about":[{"href":"https:\/\/parkandflypro.de\/es\/wp-json\/wp\/v2\/types\/page"}],"author":[{"embeddable":true,"href":"https:\/\/parkandflypro.de\/es\/wp-json\/wp\/v2\/users\/1"}],"replies":[{"embeddable":true,"href":"https:\/\/parkandflypro.de\/es\/wp-json\/wp\/v2\/comments?post=732"}],"version-history":[{"count":2,"href":"https:\/\/parkandflypro.de\/es\/wp-json\/wp\/v2\/pages\/732\/revisions"}],"predecessor-version":[{"id":736,"href":"https:\/\/parkandflypro.de\/es\/wp-json\/wp\/v2\/pages\/732\/revisions\/736"}],"wp:attachment":[{"href":"https:\/\/parkandflypro.de\/es\/wp-json\/wp\/v2\/media?parent=732"}],"curies":[{"name":"wp","href":"https:\/\/api.w.org\/{rel}","templated":true}]}}