{"id":668,"date":"2024-11-25T13:47:26","date_gmt":"2024-11-25T13:47:26","guid":{"rendered":"https:\/\/parkandflypro.de\/pagina-de-muestra\/"},"modified":"2025-06-18T17:03:17","modified_gmt":"2025-06-18T17:03:17","slug":"pagina-de-muestra","status":"publish","type":"page","link":"https:\/\/parkandflypro.de\/es\/pagina-de-muestra\/","title":{"rendered":"P\u00e1gina de muestra"},"content":{"rendered":"\n<p>Esta es una p\u00e1gina de ejemplo. Se diferencia de una entrada de blog en que permanecer\u00e1 en un lugar fijo y aparecer\u00e1 en la navegaci\u00f3n de su sitio (en la mayor\u00eda de los temas). La mayor\u00eda de las personas comienzan con una p\u00e1gina &#8216;Acerca de&#8217; que les presenta a los posibles visitantes del sitio. Podr\u00eda decir algo como esto:   <\/p>\n\n<blockquote class=\"wp-block-quote is-layout-flow wp-block-quote-is-layout-flow\"><p>\u00a1Saludos! Soy \u201cmensajero en bicicleta durante el d\u00eda, aspirante a actor por la noche, y este es mi sitio web. Vivo en Los \u00c1ngeles, tengo un maravilloso perro llamado Jack, y me gustan las pi\u00f1as coladas. (Y quedar\u201d atrapado en la lluvia.)   <\/p><\/blockquote>\n\n<p>&#8230;o algo como esto:<\/p>\n\n<blockquote class=\"wp-block-quote is-layout-flow wp-block-quote-is-layout-flow\"><p>La Compa\u00f1\u00eda de Artefactos XYZ fue fundada en 1971 y desde entonces ha estado proporcionando artefactos de calidad al p\u00fablico. Ubicada en Ciudad G\u00f3tica, XYZ emplea a m\u00e1s de 2.000 personas y realiza todo tipo de actividades extraordinarias para la comunidad de G\u00f3tica. <\/p><\/blockquote>\n\n<p>Como nuevo usuario de WordPress, deber\u00eda dirigirse a <a href=\"https:\/\/parkandflypro.de\/wp-admin\/\">su panel de control<\/a> para eliminar esta p\u00e1gina y crear nuevas p\u00e1ginas para su contenido. \u00a1Que lo disfrute! <\/p>\n","protected":false},"excerpt":{"rendered":"<p>Esta es una p\u00e1gina de ejemplo. Se diferencia de una entrada de blog en que permanecer\u00e1 en un lugar fijo y aparecer\u00e1 en la navegaci\u00f3n de su sitio (en la mayor\u00eda de los temas). La mayor\u00eda de las personas comienzan con una p\u00e1gina &#8216;Acerca de&#8217; que les presenta a los posibles visitantes del sitio. Podr\u00eda [&hellip;]<\/p>\n","protected":false},"author":1,"featured_media":0,"parent":0,"menu_order":0,"comment_status":"closed","ping_status":"open","template":"","meta":{"_et_pb_use_builder":"","_et_pb_old_content":"","_et_gb_content_width":"","footnotes":""},"class_list":["post-668","page","type-page","status-publish","hentry"],"_links":{"self":[{"href":"https:\/\/parkandflypro.de\/es\/wp-json\/wp\/v2\/pages\/668","targetHints":{"allow":["GET"]}}],"collection":[{"href":"https:\/\/parkandflypro.de\/es\/wp-json\/wp\/v2\/pages"}],"about":[{"href":"https:\/\/parkandflypro.de\/es\/wp-json\/wp\/v2\/types\/page"}],"author":[{"embeddable":true,"href":"https:\/\/parkandflypro.de\/es\/wp-json\/wp\/v2\/users\/1"}],"replies":[{"embeddable":true,"href":"https:\/\/parkandflypro.de\/es\/wp-json\/wp\/v2\/comments?post=668"}],"version-history":[{"count":2,"href":"https:\/\/parkandflypro.de\/es\/wp-json\/wp\/v2\/pages\/668\/revisions"}],"predecessor-version":[{"id":672,"href":"https:\/\/parkandflypro.de\/es\/wp-json\/wp\/v2\/pages\/668\/revisions\/672"}],"wp:attachment":[{"href":"https:\/\/parkandflypro.de\/es\/wp-json\/wp\/v2\/media?parent=668"}],"curies":[{"name":"wp","href":"https:\/\/api.w.org\/{rel}","templated":true}]}}