{"id":651,"date":"2024-11-26T09:22:17","date_gmt":"2024-11-26T09:22:17","guid":{"rendered":"https:\/\/parkandflypro.de\/paatryk\/"},"modified":"2025-06-18T17:03:14","modified_gmt":"2025-06-18T17:03:14","slug":"paatryk","status":"publish","type":"page","link":"https:\/\/parkandflypro.de\/da\/paatryk\/","title":{"rendered":"P\u00e5tryk"},"content":{"rendered":"<p>[et_pb_section fb_built=&#8221;1&#8243; theme_builder_area=&#8221;post_content&#8221; _builder_version=&#8221;4.27.2&#8243; _module_preset=&#8221;default&#8221;][et_pb_row _builder_version=&#8221;4.27.2&#8243; _module_preset=&#8221;default&#8221; theme_builder_area=&#8221;post_content&#8221;][et_pb_column _builder_version=&#8221;4.27.2&#8243; _module_preset=&#8221;default&#8221; type=&#8221;4_4&#8243; theme_builder_area=&#8221;post_content&#8221;][et_pb_text _builder_version=&#8221;4.27.2&#8243; _module_preset=&#8221;default&#8221; theme_builder_area=&#8221;post_content&#8221; hover_enabled=&#8221;0&#8243; sticky_enabled=&#8221;0&#8243;]<\/p>\n<h1>P\u00e5tryk<\/h1>\n<h2>Oplysninger i henhold til \u00a7 5 TMG<\/h2>\n<p>Park&amp;Fly PRO<br \/>Kanan Safarov<br \/>B\u00fcltbek 30<br \/>22962 Siek<br \/>Tyskland<\/p>\n<h2>Kontakt os<\/h2>\n<p>E-mail: <a href=\"mailto:info@parkandflypro.de\">info@parkandflypro.de<\/a><br \/>Hjemmeside: <a href=\"http:\/\/www.parkandflypro.de\">www.parkandflypro.de<\/a><\/p>\n<h2>Skattenummer<\/h2>\n<p>46\/20606273<\/p>\n<h2>Merv\u00e6rdiafgiftsidentifikationsnummer i henhold til \u00a7 27 a i merv\u00e6rdiafgiftsloven<\/h2>\n<p>DE363689798<\/p>\n<h2>Ansvarlig for indholdet i henhold til \u00a7 55 Abs. 2 RStV <\/h2>\n<p>Kanan Safarov<br \/>B\u00fcltbek 30<br \/>22962 Siek<\/p>\n<h2>Note om online tvistbil\u00e6ggelse<\/h2>\n<p>Europa-Kommissionen stiller en platform til r\u00e5dighed for onlinetvistbil\u00e6ggelse (OS): <a href=\"https:\/\/ec.europa.eu\/consumers\/odr\">https:\/\/ec.europa.eu\/consumers\/odr<\/a><br \/>Du kan finde vores e-mailadresse i den juridiske meddelelse ovenfor.<\/p>\n<h2>Ansvarsfraskrivelse<\/h2>\n<p>Indholdet p\u00e5 vores hjemmeside er udarbejdet med den st\u00f8rste omhu. Vi kan dog ikke p\u00e5tage os noget ansvar for indholdets n\u00f8jagtighed, fuldst\u00e6ndighed og aktualitet. Som tjenesteudbyder er vi ansvarlige for vores eget indhold p\u00e5 disse sider i henhold til \u00a7 7 stk. 1 TMG (tysk telemedielov) og generelle love.   <\/p>\n<p>[\/et_pb_text][\/et_pb_column][\/et_pb_row][\/et_pb_section]<\/p>\n","protected":false},"excerpt":{"rendered":"<p>P\u00e5tryk Oplysninger i henhold til \u00a7 5 TMG Park&amp;Fly PROKanan SafarovB\u00fcltbek 3022962 SiekTyskland Kontakt os E-mail: info@parkandflypro.deHjemmeside: www.parkandflypro.de Skattenummer 46\/20606273 Merv\u00e6rdiafgiftsidentifikationsnummer i henhold til \u00a7 27 a i merv\u00e6rdiafgiftsloven DE363689798 Ansvarlig for indholdet i henhold til \u00a7 55 Abs. 2 RStV Kanan SafarovB\u00fcltbek 3022962 Siek Note om online tvistbil\u00e6ggelse Europa-Kommissionen stiller en platform til r\u00e5dighed [&hellip;]<\/p>\n","protected":false},"author":1,"featured_media":0,"parent":0,"menu_order":0,"comment_status":"closed","ping_status":"closed","template":"","meta":{"_et_pb_use_builder":"on","_et_pb_old_content":"","_et_gb_content_width":"","footnotes":""},"class_list":["post-651","page","type-page","status-publish","hentry"],"_links":{"self":[{"href":"https:\/\/parkandflypro.de\/da\/wp-json\/wp\/v2\/pages\/651","targetHints":{"allow":["GET"]}}],"collection":[{"href":"https:\/\/parkandflypro.de\/da\/wp-json\/wp\/v2\/pages"}],"about":[{"href":"https:\/\/parkandflypro.de\/da\/wp-json\/wp\/v2\/types\/page"}],"author":[{"embeddable":true,"href":"https:\/\/parkandflypro.de\/da\/wp-json\/wp\/v2\/users\/1"}],"replies":[{"embeddable":true,"href":"https:\/\/parkandflypro.de\/da\/wp-json\/wp\/v2\/comments?post=651"}],"version-history":[{"count":3,"href":"https:\/\/parkandflypro.de\/da\/wp-json\/wp\/v2\/pages\/651\/revisions"}],"predecessor-version":[{"id":658,"href":"https:\/\/parkandflypro.de\/da\/wp-json\/wp\/v2\/pages\/651\/revisions\/658"}],"wp:attachment":[{"href":"https:\/\/parkandflypro.de\/da\/wp-json\/wp\/v2\/media?parent=651"}],"curies":[{"name":"wp","href":"https:\/\/api.w.org\/{rel}","templated":true}]}}