{"id":650,"date":"2024-11-26T09:20:56","date_gmt":"2024-11-26T09:20:56","guid":{"rendered":"https:\/\/parkandflypro.de\/fortrolighedspolitik\/"},"modified":"2025-06-18T17:03:14","modified_gmt":"2025-06-18T17:03:14","slug":"fortrolighedspolitik","status":"publish","type":"page","link":"https:\/\/parkandflypro.de\/da\/fortrolighedspolitik\/","title":{"rendered":"Fortrolighedspolitik"},"content":{"rendered":"<p>[et_pb_section fb_built=&#8221;1&#8243; _builder_version=&#8221;4.27.2&#8243; _module_preset=&#8221;default&#8221; global_colors_info=&#8221;{}&#8221;][et_pb_row _builder_version=&#8221;4.27.2&#8243; _module_preset=&#8221;default&#8221; global_colors_info=&#8221;{}&#8221;][et_pb_column type=&#8221;4_4&#8243; _builder_version=&#8221;4.27.2&#8243; _module_preset=&#8221;default&#8221; global_colors_info=&#8221;{}&#8221;][et_pb_text _builder_version=&#8221;4.27.2&#8243; _module_preset=&#8221;default&#8221; global_colors_info=&#8221;{}&#8221;]<\/p>\n<h1>Fortrolighedspolitik<\/h1>\n<h2>1. Databeskyttelse i korte tr\u00e6k<\/h2>\n<p>Vi tager beskyttelsen af dine personlige data meget alvorligt og behandler dine personlige data fortroligt og i overensstemmelse med de lovbestemte databeskyttelsesbestemmelser og denne privatlivspolitik. N\u00e5r du bruger dette websted, indsamles der forskellige personoplysninger. Personlige data er data, der kan bruges til at identificere dig personligt.  <\/p>\n<h2>2. Ansvarligt organ<\/h2>\n<p>Park&amp;Fly PRO<br \/>Kanan Safarov<br \/>B\u00fcltbek 30<br \/>22962 Siek<br \/>E-mail: <a href=\"mailto:info@parkandflypro.de\">info@parkandflypro.de<\/a><\/p>\n<h2>3. Dataindsamling p\u00e5 vores hjemmeside<\/h2>\n<h3>a) Serverlogfiler<\/h3>\n<p>Udbyderen af siderne indsamler og gemmer automatisk oplysninger i s\u00e5kaldte serverlogfiler, som din browser automatisk overf\u00f8rer til os. Disse er <\/p>\n<ul>\n<li>Browsertype og browserversion<\/li>\n<li>Anvendt operativsystem<\/li>\n<li>Henvisende URL<\/li>\n<li>V\u00e6rtsnavn p\u00e5 den computer, der f\u00e5r adgang<\/li>\n<li>Tidspunkt for serveranmodningen<\/li>\n<li>IP-adresse<\/li>\n<\/ul>\n<p>Disse data sl\u00e5s ikke sammen med andre datakilder.<\/p>\n<h3>b) Kontaktformular<\/h3>\n<p>Hvis du sender os foresp\u00f8rgsler via kontaktformularen, gemmer vi dine oplysninger fra foresp\u00f8rgselsformularen, herunder de kontaktoplysninger, du angiver der, med henblik p\u00e5 at behandle foresp\u00f8rgslen og i tilf\u00e6lde af opf\u00f8lgende sp\u00f8rgsm\u00e5l. Vi videregiver ikke disse oplysninger uden dit samtykke. <\/p>\n<h2>4. Databehandling i forbindelse med bookinger<\/h2>\n<p>N\u00e5r du foretager en booking hos os, indsamler vi personoplysninger (f.eks. navn, kontaktoplysninger, betalingsoplysninger), der er n\u00f8dvendige for at behandle din booking. Disse data bruges kun til at udf\u00f8re og behandle kontrakten og videregives ikke til tredjeparter, medmindre dette er n\u00f8dvendigt for at opfylde kontrakten. <\/p>\n<h2>5. Analysev\u00e6rkt\u00f8jer og reklame<\/h2>\n<p>Vores hjemmeside bruger ikke nogen analysev\u00e6rkt\u00f8jer eller sporingssoftware. Hvis vi bruger s\u00e5danne teknologier i fremtiden, vil vi udtrykkeligt informere dig om dette og indhente dit samtykke. <\/p>\n<h2>6. Brugerens rettigheder<\/h2>\n<p>Det har du ret til:<\/p>\n<ul>\n<li>til oplysninger om dine data, der er gemt af os, og behandlingen af dem;<\/li>\n<li>rettelse af ukorrekte personoplysninger;<\/li>\n<li>til sletning af dine data, der er gemt af os, for s\u00e5 vidt der ikke er nogen lovbestemt opbevaringsforpligtelse;<\/li>\n<li>at begr\u00e6nse databehandling, hvis vi endnu ikke har tilladelse til at slette dine data p\u00e5 grund af juridiske forpligtelser;<\/li>\n<li>at g\u00f8re indsigelse mod behandlingen af dine data;<\/li>\n<li>til dataportabilitet, forudsat at du har givet samtykke til databehandlingen eller har indg\u00e5et en kontrakt med os.<\/li>\n<\/ul>\n<h2>7. ret til at klage til den kompetente tilsynsmyndighed<\/h2>\n<p>I tilf\u00e6lde af overtr\u00e6delser af databeskyttelsesloven har du ret til at indgive en klage til den kompetente tilsynsmyndighed. Den kompetente tilsynsmyndighed for databeskyttelsessp\u00f8rgsm\u00e5l er den statslige databeskyttelsesansvarlige i den f\u00f8derale stat, hvor vores virksomhed er baseret. <\/p>\n<h2>8. \u00e6ndringer af denne privatlivspolitik<\/h2>\n<p>Vi forbeholder os ret til at tilpasse denne privatlivspolitik, s\u00e5 den altid er i overensstemmelse med g\u00e6ldende lovkrav, eller til at implementere \u00e6ndringer af vores tjenester i privatlivspolitikken.<\/p>\n<p>[\/et_pb_text][\/et_pb_column][\/et_pb_row][\/et_pb_section]<\/p>\n","protected":false},"excerpt":{"rendered":"<p>Fortrolighedspolitik 1. Databeskyttelse i korte tr\u00e6k Vi tager beskyttelsen af dine personlige data meget alvorligt og behandler dine personlige data fortroligt og i overensstemmelse med de lovbestemte databeskyttelsesbestemmelser og denne privatlivspolitik. N\u00e5r du bruger dette websted, indsamles der forskellige personoplysninger. Personlige data er data, der kan bruges til at identificere dig personligt. 2. Ansvarligt organ [&hellip;]<\/p>\n","protected":false},"author":1,"featured_media":0,"parent":0,"menu_order":0,"comment_status":"closed","ping_status":"closed","template":"","meta":{"_et_pb_use_builder":"on","_et_pb_old_content":"","_et_gb_content_width":"","footnotes":""},"class_list":["post-650","page","type-page","status-publish","hentry"],"_links":{"self":[{"href":"https:\/\/parkandflypro.de\/da\/wp-json\/wp\/v2\/pages\/650","targetHints":{"allow":["GET"]}}],"collection":[{"href":"https:\/\/parkandflypro.de\/da\/wp-json\/wp\/v2\/pages"}],"about":[{"href":"https:\/\/parkandflypro.de\/da\/wp-json\/wp\/v2\/types\/page"}],"author":[{"embeddable":true,"href":"https:\/\/parkandflypro.de\/da\/wp-json\/wp\/v2\/users\/1"}],"replies":[{"embeddable":true,"href":"https:\/\/parkandflypro.de\/da\/wp-json\/wp\/v2\/comments?post=650"}],"version-history":[{"count":3,"href":"https:\/\/parkandflypro.de\/da\/wp-json\/wp\/v2\/pages\/650\/revisions"}],"predecessor-version":[{"id":656,"href":"https:\/\/parkandflypro.de\/da\/wp-json\/wp\/v2\/pages\/650\/revisions\/656"}],"wp:attachment":[{"href":"https:\/\/parkandflypro.de\/da\/wp-json\/wp\/v2\/media?parent=650"}],"curies":[{"name":"wp","href":"https:\/\/api.w.org\/{rel}","templated":true}]}}