{"id":649,"date":"2024-12-03T12:07:47","date_gmt":"2024-12-03T12:07:47","guid":{"rendered":"https:\/\/parkandflypro.de\/parkeringsplads\/"},"modified":"2025-06-18T17:03:14","modified_gmt":"2025-06-18T17:03:14","slug":"parkeringsplads","status":"publish","type":"page","link":"https:\/\/parkandflypro.de\/da\/parkeringsplads\/","title":{"rendered":"Parkeringsplads"},"content":{"rendered":"<p>[et_pb_section fb_built=&#8221;1&#8243; _builder_version=&#8221;4.27.2&#8243; _module_preset=&#8221;default&#8221; custom_padding=&#8221;1px||32px|||&#8221; global_colors_info=&#8221;{}&#8221;][et_pb_row _builder_version=&#8221;4.27.2&#8243; _module_preset=&#8221;default&#8221; global_colors_info=&#8221;{}&#8221;][et_pb_column type=&#8221;4_4&#8243; _builder_version=&#8221;4.27.2&#8243; _module_preset=&#8221;default&#8221; global_colors_info=&#8221;{}&#8221;][et_pb_text _builder_version=&#8221;4.27.2&#8243; _module_preset=&#8221;default&#8221; header_line_height=&#8221;1.6em&#8221; hover_enabled=&#8221;0&#8243; global_colors_info=&#8221;{}&#8221; sticky_enabled=&#8221;0&#8243;]<\/p>\n<h1 style=\"text-align: center;\"><strong>Start din rejse uden stress \u2013 med vores parkeringsplads<\/strong><\/h1>\n<p>[\/et_pb_text][\/et_pb_column][\/et_pb_row][et_pb_row _builder_version=&#8221;4.27.2&#8243; _module_preset=&#8221;default&#8221; custom_padding=&#8221;0px|||||&#8221; global_colors_info=&#8221;{}&#8221;][et_pb_column type=&#8221;4_4&#8243; _builder_version=&#8221;4.27.2&#8243; _module_preset=&#8221;default&#8221; global_colors_info=&#8221;{}&#8221;][et_pb_text _builder_version=&#8221;4.27.2&#8243; _module_preset=&#8221;default&#8221; text_font=&#8221;||||||||&#8221; text_font_size=&#8221;18px&#8221; text_letter_spacing=&#8221;1px&#8221; text_line_height=&#8221;1.5em&#8221; header_text_align=&#8221;center&#8221; header_font_size=&#8221;40px&#8221; header_letter_spacing=&#8221;16px&#8221; header_line_height=&#8221;2em&#8221; header_3_font=&#8221;||||||||&#8221; header_3_text_align=&#8221;center&#8221; header_3_letter_spacing=&#8221;2px&#8221; header_3_line_height=&#8221;1.2em&#8221; text_orientation=&#8221;center&#8221; custom_margin=&#8221;-18px|||||&#8221; global_colors_info=&#8221;{}&#8221;]<\/p>\n<p style=\"text-align: center;\">Vores moderne parkeringshus i Hamborg Lufthavn tilbyder dig maksimal sikkerhed, bekvemmelighed og fleksibilitet \u2013 d\u00f8gnet rundt. Med op til 150 parkeringspladser, en intern el-zone og en gratis shuttle-service kan du starte din rejse p\u00e5 en afslappet m\u00e5de. <\/p>\n<p>[\/et_pb_text][\/et_pb_column][\/et_pb_row][et_pb_row column_structure=&#8221;1_2,1_2&#8243; _builder_version=&#8221;4.27.2&#8243; _module_preset=&#8221;default&#8221; custom_padding=&#8221;20px|||||&#8221; global_colors_info=&#8221;{}&#8221;][et_pb_column type=&#8221;1_2&#8243; _builder_version=&#8221;4.27.2&#8243; _module_preset=&#8221;default&#8221; global_colors_info=&#8221;{}&#8221;][et_pb_image src=&#8221;https:\/\/parkandflypro.de\/wp-content\/uploads\/2025\/04\/Parkhaus.jpeg&#8221; title_text=&#8221;Parkeringsplads&#8221; _builder_version=&#8221;4.27.2&#8243; _module_preset=&#8221;default&#8221; hover_enabled=&#8221;0&#8243; border_radii=&#8221;on|5px|5px|5px|5px&#8221; box_shadow_style=&#8221;preset1&#8243; global_colors_info=&#8221;{}&#8221; sticky_enabled=&#8221;0&#8243;][\/et_pb_image][\/et_pb_column][et_pb_column type=&#8221;1_2&#8243; _builder_version=&#8221;4.27.2&#8243; _module_preset=&#8221;default&#8221; global_colors_info=&#8221;{}&#8221;][et_pb_image src=&#8221;https:\/\/parkandflypro.de\/wp-content\/uploads\/2025\/04\/WhatsApp-Image-2025-04-15-at-14.18.48.jpeg&#8221; title_text=&#8221;WhatsApp-billede 2025-04-15 kl. 14.18.48&#8243; _builder_version=&#8221;4.27.2&#8243; _module_preset=&#8221;default&#8221; hover_enabled=&#8221;0&#8243; border_radii=&#8221;on|5px|5px|5px|5px&#8221; box_shadow_style=&#8221;preset1&#8243; global_colors_info=&#8221;{}&#8221; sticky_enabled=&#8221;0&#8243;][\/et_pb_image][\/et_pb_column][\/et_pb_row][et_pb_row column_structure=&#8221;2_5,3_5&#8243; _builder_version=&#8221;4.27.2&#8243; _module_preset=&#8221;default&#8221; custom_margin=&#8221;-47px|auto|-37px|auto||&#8221; hover_enabled=&#8221;0&#8243; global_colors_info=&#8221;{}&#8221; custom_padding=&#8221;11px|||||&#8221; vertical_offset=&#8221;17px&#8221; sticky_enabled=&#8221;0&#8243;][et_pb_column type=&#8221;2_5&#8243; _builder_version=&#8221;4.27.2&#8243; _module_preset=&#8221;default&#8221; global_colors_info=&#8221;{}&#8221;][et_pb_text _builder_version=&#8221;4.27.2&#8243; _module_preset=&#8221;default&#8221; text_font=&#8221;||||||||&#8221; text_font_size=&#8221;18px&#8221; text_line_height=&#8221;1.8em&#8221; header_text_align=&#8221;center&#8221; header_font_size=&#8221;40px&#8221; header_letter_spacing=&#8221;16px&#8221; header_line_height=&#8221;2em&#8221; header_3_font=&#8221;||||||||&#8221; header_3_text_align=&#8221;center&#8221; header_3_letter_spacing=&#8221;2px&#8221; header_3_line_height=&#8221;1.2em&#8221; custom_margin=&#8221;-18px|||||&#8221; custom_padding=&#8221;27px|||||&#8221; hover_enabled=&#8221;0&#8243; global_colors_info=&#8221;{}&#8221; sticky_enabled=&#8221;0&#8243;]<\/p>\n<p style=\"text-align: center;\"><strong><br \/>\ud83d\udd10 Sikkerhed p\u00e5 h\u00f8jeste niveau<\/strong><strong><\/strong><\/p>\n<p style=\"text-align: left;\">\u2705 Videooverv\u00e5gning d\u00f8gnet rundt ved hj\u00e6lp af et topmoderne kamerasystem<\/p>\n<p>\u2705 Ekstra kontrol: Hver 3-4 time kontrolleres stedet af et eksternt sikkerhedsfirma.<\/p>\n<p>\u2705 Kun adgang via barrieresystem \u2013 kontrolleret ind- og udgang<\/p>\n<p>\u2705 Tilstr\u00e6kkelig belysning<span style=\"font-size: 18px;\"> p\u00e5 alle niveauer for maksimal synlighed og sikkerhed \u2013 dag og nat<\/span><\/p>\n<p style=\"text-align: left;\"><span style=\"font-size: 18px; text-align: center;\"><\/span><\/p>\n<p>[\/et_pb_text][\/et_pb_column][et_pb_column type=&#8221;3_5&#8243; _builder_version=&#8221;4.27.2&#8243; _module_preset=&#8221;default&#8221; global_colors_info=&#8221;{}&#8221;][et_pb_image src=&#8221;https:\/\/parkandflypro.de\/wp-content\/uploads\/2025\/04\/Einfahrt_2.jpeg&#8221; title_text=&#8221;Indgang_2&#8243; _builder_version=&#8221;4.27.2&#8243; _module_preset=&#8221;default&#8221; min_height=&#8221;355.2px&#8221; custom_margin=&#8221;-28px||23px|||&#8221; custom_padding=&#8221;45px||0px|||&#8221; hover_enabled=&#8221;0&#8243; global_colors_info=&#8221;{}&#8221; box_shadow_style=&#8221;preset1&#8243; border_radii=&#8221;on|5px|5px|5px|5px&#8221; sticky_enabled=&#8221;0&#8243;][\/et_pb_image][\/et_pb_column][\/et_pb_row][et_pb_row _builder_version=&#8221;4.27.2&#8243; _module_preset=&#8221;default&#8221;][et_pb_column _builder_version=&#8221;4.27.2&#8243; _module_preset=&#8221;default&#8221; type=&#8221;4_4&#8243;][et_pb_button button_text=&#8221;Sikr din parkeringsplads nu!&#8221; _builder_version=&#8221;4.27.2&#8243; _module_preset=&#8221;default&#8221; button_url=&#8221;@ET-DC@eyJkeW5hbWljIjp0cnVlLCJjb250ZW50IjoicG9zdF9saW5rX3VybF9wYWdlIiwic2V0dGluZ3MiOnsicG9zdF9pZCI6IjMyIiwiZW5hYmxlX2h0bWwiOiJvZmYifX0=@&#8221; _dynamic_attributes=&#8221;button_url&#8221; hover_enabled=&#8221;0&#8243; sticky_enabled=&#8221;0&#8243; z_index=&#8221;0&#8243; positioning=&#8221;relative&#8221; vertical_offset=&#8221;0px&#8221; horizontal_offset=&#8221;33px&#8221;][\/et_pb_button][\/et_pb_column][\/et_pb_row][et_pb_row _builder_version=&#8221;4.27.2&#8243; _module_preset=&#8221;default&#8221; custom_margin=&#8221;-2px|auto||auto||&#8221;][et_pb_column _builder_version=&#8221;4.27.2&#8243; _module_preset=&#8221;default&#8221; type=&#8221;4_4&#8243;][et_pb_text _builder_version=&#8221;4.27.2&#8243; _module_preset=&#8221;default&#8221; text_font=&#8221;||||||||&#8221; text_font_size=&#8221;18px&#8221; text_letter_spacing=&#8221;1px&#8221; text_line_height=&#8221;1.5em&#8221; header_text_align=&#8221;center&#8221; header_font_size=&#8221;40px&#8221; header_letter_spacing=&#8221;16px&#8221; header_line_height=&#8221;2em&#8221; header_3_font=&#8221;||||||||&#8221; header_3_text_align=&#8221;center&#8221; header_3_letter_spacing=&#8221;2px&#8221; header_3_line_height=&#8221;1.2em&#8221; text_orientation=&#8221;center&#8221; custom_margin=&#8221;-18px|||||&#8221; hover_enabled=&#8221;0&#8243; global_colors_info=&#8221;{}&#8221; sticky_enabled=&#8221;0&#8243;]<\/p>\n<p style=\"text-align: center;\"><span style=\"color: #a30100; font-size: large;\"><strong>Sikker. Overd\u00e6kket. Behagelig.  <\/strong><\/span><br \/>Vores parkeringshus er udstyret med en moderne elevator p\u00e5 alle niveauer. Parkeringspladserne er placeret i et <strong data-start=\"234\" data-end=\"264\">sikkert overd\u00e6kket omr\u00e5de<\/strong>, der p\u00e5lideligt beskytter dit k\u00f8ret\u00f8j mod vejret. Din komfort er vigtig for os, og derfor s\u00f8rger vi for, at du f\u00e5r den h\u00f8jeste grad af komfort, b\u00e5de n\u00e5r du parkerer, og n\u00e5r du k\u00f8rer i shuttlebus.  <\/p>\n<p>[\/et_pb_text][\/et_pb_column][\/et_pb_row][et_pb_row _builder_version=&#8221;4.27.2&#8243; _module_preset=&#8221;default&#8221; column_structure=&#8221;1_3,1_3,1_3&#8243; custom_padding=&#8221;0px||1px|||&#8221;][et_pb_column _builder_version=&#8221;4.27.2&#8243; _module_preset=&#8221;default&#8221; type=&#8221;1_3&#8243;][et_pb_image src=&#8221;https:\/\/parkandflypro.de\/wp-content\/uploads\/2025\/04\/Fahrstuhl.jpeg&#8221; _builder_version=&#8221;4.27.2&#8243; _module_preset=&#8221;default&#8221; title_text=&#8221;L\u00f8ft&#8221; hover_enabled=&#8221;0&#8243; sticky_enabled=&#8221;0&#8243; border_radii=&#8221;on|3px|3px|3px|3px&#8221; box_shadow_style=&#8221;preset1&#8243;][\/et_pb_image][\/et_pb_column][et_pb_column _builder_version=&#8221;4.27.2&#8243; _module_preset=&#8221;default&#8221; type=&#8221;1_3&#8243;][et_pb_image src=&#8221;https:\/\/parkandflypro.de\/wp-content\/uploads\/2025\/04\/Uberdacht_2-scaled.jpg&#8221; _builder_version=&#8221;4.27.2&#8243; _module_preset=&#8221;default&#8221; title_text=&#8221;D\u00e6kket_2&#8243; hover_enabled=&#8221;0&#8243; sticky_enabled=&#8221;0&#8243; border_radii=&#8221;on|3px|3px|3px|3px&#8221; box_shadow_style=&#8221;preset1&#8243;][\/et_pb_image][\/et_pb_column][et_pb_column _builder_version=&#8221;4.27.2&#8243; _module_preset=&#8221;default&#8221; type=&#8221;1_3&#8243;][et_pb_image src=&#8221;https:\/\/parkandflypro.de\/wp-content\/uploads\/2025\/04\/Uberdacht_1-scaled.jpg&#8221; _builder_version=&#8221;4.27.2&#8243; _module_preset=&#8221;default&#8221; title_text=&#8221;Overd\u00e6kket_1&#8243; hover_enabled=&#8221;0&#8243; sticky_enabled=&#8221;0&#8243; border_radii=&#8221;on|3px|3px|3px|3px&#8221; box_shadow_style=&#8221;preset1&#8243;][\/et_pb_image][\/et_pb_column][\/et_pb_row][et_pb_row _builder_version=&#8221;4.27.2&#8243; _module_preset=&#8221;default&#8221; custom_margin=&#8221;20px|auto||auto||&#8221; custom_padding=&#8221;||19px|||&#8221;][et_pb_column _builder_version=&#8221;4.27.2&#8243; _module_preset=&#8221;default&#8221; type=&#8221;4_4&#8243;][et_pb_text _builder_version=&#8221;4.27.2&#8243; _module_preset=&#8221;default&#8221; text_font=&#8221;||||||||&#8221; text_font_size=&#8221;18px&#8221; text_letter_spacing=&#8221;1px&#8221; text_line_height=&#8221;1.5em&#8221; header_text_align=&#8221;center&#8221; header_font_size=&#8221;40px&#8221; header_letter_spacing=&#8221;16px&#8221; header_line_height=&#8221;2em&#8221; header_3_font=&#8221;||||||||&#8221; header_3_text_align=&#8221;center&#8221; header_3_letter_spacing=&#8221;2px&#8221; header_3_line_height=&#8221;1.2em&#8221; text_orientation=&#8221;center&#8221; custom_margin=&#8221;-18px||8px|||&#8221; global_colors_info=&#8221;{}&#8221;]<\/p>\n<p data-start=\"165\" data-end=\"378\" class=\"\"><span style=\"color: #a30100; font-size: large;\"><strong>Elsker du en smuk udsigt?<\/strong><\/span><br data-start=\"194\" data-end=\"197\">S\u00e5 er vores <strong>\u00f8verste d\u00e6k<\/strong> lige noget for dig! Herfra kan du nyde en betagende udsigt <strong>over Hamborg<\/strong> \u2013 inklusive en direkte udsigt <strong>over HSV&#8217;s Volksparkstadion<\/strong>.<br \/>Bel\u00f8n dig selv ved starten af din rejse med en unik udsigt over Hamborg \u2013 udelukkende fra det \u00f8verste d\u00e6k. Uanset om det er ved solopgang eller om aftenen i lyshavet: Parkering har aldrig v\u00e6ret s\u00e5 panoramisk.  <\/p>\n<p>[\/et_pb_text][\/et_pb_column][\/et_pb_row][et_pb_row _builder_version=&#8221;4.27.2&#8243; _module_preset=&#8221;default&#8221; column_structure=&#8221;1_3,1_3,1_3&#8243; custom_padding=&#8221;0px||1px|||&#8221; hover_enabled=&#8221;0&#8243; sticky_enabled=&#8221;0&#8243;][et_pb_column _builder_version=&#8221;4.27.2&#8243; _module_preset=&#8221;default&#8221; type=&#8221;1_3&#8243;][et_pb_image src=&#8221;https:\/\/parkandflypro.de\/wp-content\/uploads\/2025\/04\/Obergeschoss_1.jpeg&#8221; _builder_version=&#8221;4.27.2&#8243; _module_preset=&#8221;default&#8221; title_text=&#8221;\u00d8verste etage_1&#8243; hover_enabled=&#8221;0&#8243; sticky_enabled=&#8221;0&#8243; custom_padding=&#8221;||5px|||&#8221; border_radii=&#8221;on|3px|3px|3px|3px&#8221; box_shadow_style=&#8221;preset1&#8243;][\/et_pb_image][\/et_pb_column][et_pb_column _builder_version=&#8221;4.27.2&#8243; _module_preset=&#8221;default&#8221; type=&#8221;1_3&#8243;][et_pb_image src=&#8221;https:\/\/parkandflypro.de\/wp-content\/uploads\/2025\/04\/Obergeschoss_3.jpeg&#8221; _builder_version=&#8221;4.27.2&#8243; _module_preset=&#8221;default&#8221; title_text=&#8221;\u00d8verste etage_3&#8243; hover_enabled=&#8221;0&#8243; sticky_enabled=&#8221;0&#8243; border_radii=&#8221;on|3px|3px|3px|3px&#8221; box_shadow_style=&#8221;preset1&#8243;][\/et_pb_image][\/et_pb_column][et_pb_column _builder_version=&#8221;4.27.2&#8243; _module_preset=&#8221;default&#8221; type=&#8221;1_3&#8243;][et_pb_image src=&#8221;https:\/\/parkandflypro.de\/wp-content\/uploads\/2025\/04\/Aussicht-HSV-1-scaled.jpg&#8221; _builder_version=&#8221;4.27.2&#8243; _module_preset=&#8221;default&#8221; title_text=&#8221;Se HSV (1)&#8221; hover_enabled=&#8221;0&#8243; sticky_enabled=&#8221;0&#8243; border_radii=&#8221;on|3px|3px|3px|3px&#8221; box_shadow_style=&#8221;preset1&#8243;][\/et_pb_image][\/et_pb_column][\/et_pb_row][et_pb_row _builder_version=&#8221;4.27.2&#8243; _module_preset=&#8221;default&#8221; custom_margin=&#8221;20px|auto||auto||&#8221; custom_padding=&#8221;||5px|||&#8221;][et_pb_column _builder_version=&#8221;4.27.2&#8243; _module_preset=&#8221;default&#8221; type=&#8221;4_4&#8243;][et_pb_text _builder_version=&#8221;4.27.2&#8243; _module_preset=&#8221;default&#8221; text_font=&#8221;||||||||&#8221; text_font_size=&#8221;18px&#8221; text_letter_spacing=&#8221;1px&#8221; text_line_height=&#8221;1.5em&#8221; header_text_align=&#8221;center&#8221; header_font_size=&#8221;40px&#8221; header_letter_spacing=&#8221;16px&#8221; header_line_height=&#8221;2em&#8221; header_3_font=&#8221;||||||||&#8221; header_3_text_align=&#8221;center&#8221; header_3_letter_spacing=&#8221;2px&#8221; header_3_line_height=&#8221;1.2em&#8221; text_orientation=&#8221;center&#8221; custom_margin=&#8221;-18px||8px|||&#8221; hover_enabled=&#8221;0&#8243; global_colors_info=&#8221;{}&#8221; sticky_enabled=&#8221;0&#8243;]<\/p>\n<p data-start=\"165\" data-end=\"378\" class=\"\"><span style=\"color: #a30100; font-size: large;\"><strong>Elektriske parkeringspladser<\/strong><\/span><br data-start=\"194\" data-end=\"197\">Vores <strong>elbilparkeringer<\/strong> er udstyret med topmoderne ladestandere, der sikrer hurtig og effektiv opladning af din elbil. Du kan starte din rejse, mens din bil er klar til hjemrejsen. Med vores el-zone fokuserer vi p\u00e5 b\u00e6redygtighed og milj\u00f8beskyttelse. Parker din elbil et sted, der ikke kun giver dig sikkerhed og komfort, men ogs\u00e5 hj\u00e6lper med at reducere dit CO2-aftryk.   <\/p>\n<p>[\/et_pb_text][\/et_pb_column][\/et_pb_row][et_pb_row _builder_version=&#8221;4.27.2&#8243; _module_preset=&#8221;default&#8221; background_image=&#8221;https:\/\/parkandflypro.de\/wp-content\/uploads\/2024\/12\/Elektroparkplatze.jpg&#8221; min_height=&#8221;350px&#8221; hover_enabled=&#8221;0&#8243; global_colors_info=&#8221;{}&#8221; custom_padding=&#8221;||72px|||&#8221; sticky_enabled=&#8221;0&#8243; border_radii=&#8221;on|3px|3px|3px|3px&#8221; border_radii__hover_enabled=&#8221;on|desktop&#8221; box_shadow_style=&#8221;preset1&#8243; border_radii__hover=&#8221;on|3px|3px|3px|3px&#8221;][et_pb_column type=&#8221;4_4&#8243; _builder_version=&#8221;4.27.2&#8243; _module_preset=&#8221;default&#8221; global_colors_info=&#8221;{}&#8221;][\/et_pb_column][\/et_pb_row][\/et_pb_section]<\/p>\n","protected":false},"excerpt":{"rendered":"<p>Start din rejse uden stress \u2013 med vores parkeringspladsVores moderne parkeringshus i Hamborg Lufthavn tilbyder dig maksimal sikkerhed, bekvemmelighed og fleksibilitet \u2013 d\u00f8gnet rundt. Med op til 150 parkeringspladser, en intern el-zone og en gratis shuttle-service kan du starte din rejse p\u00e5 en afslappet m\u00e5de. \ud83d\udd10 Sikkerhed p\u00e5 h\u00f8jeste niveau \u2705 Videooverv\u00e5gning d\u00f8gnet rundt ved [&hellip;]<\/p>\n","protected":false},"author":1,"featured_media":0,"parent":0,"menu_order":0,"comment_status":"closed","ping_status":"closed","template":"","meta":{"_et_pb_use_builder":"on","_et_pb_old_content":"","_et_gb_content_width":"","footnotes":""},"class_list":["post-649","page","type-page","status-publish","hentry"],"_links":{"self":[{"href":"https:\/\/parkandflypro.de\/da\/wp-json\/wp\/v2\/pages\/649","targetHints":{"allow":["GET"]}}],"collection":[{"href":"https:\/\/parkandflypro.de\/da\/wp-json\/wp\/v2\/pages"}],"about":[{"href":"https:\/\/parkandflypro.de\/da\/wp-json\/wp\/v2\/types\/page"}],"author":[{"embeddable":true,"href":"https:\/\/parkandflypro.de\/da\/wp-json\/wp\/v2\/users\/1"}],"replies":[{"embeddable":true,"href":"https:\/\/parkandflypro.de\/da\/wp-json\/wp\/v2\/comments?post=649"}],"version-history":[{"count":3,"href":"https:\/\/parkandflypro.de\/da\/wp-json\/wp\/v2\/pages\/649\/revisions"}],"predecessor-version":[{"id":660,"href":"https:\/\/parkandflypro.de\/da\/wp-json\/wp\/v2\/pages\/649\/revisions\/660"}],"wp:attachment":[{"href":"https:\/\/parkandflypro.de\/da\/wp-json\/wp\/v2\/media?parent=649"}],"curies":[{"name":"wp","href":"https:\/\/api.w.org\/{rel}","templated":true}]}}