{"id":639,"date":"2024-11-26T09:19:44","date_gmt":"2024-11-26T09:19:44","guid":{"rendered":"https:\/\/parkandflypro.de\/gtc\/"},"modified":"2025-06-18T17:03:10","modified_gmt":"2025-06-18T17:03:10","slug":"gtc","status":"publish","type":"page","link":"https:\/\/parkandflypro.de\/da\/gtc\/","title":{"rendered":"GTC"},"content":{"rendered":"<p>[et_pb_section fb_built=&#8221;1&#8243; _builder_version=&#8221;4.27.2&#8243; _module_preset=&#8221;default&#8221; global_colors_info=&#8221;{}&#8221;][et_pb_row _builder_version=&#8221;4.27.2&#8243; _module_preset=&#8221;default&#8221; global_colors_info=&#8221;{}&#8221;][et_pb_column type=&#8221;4_4&#8243; _builder_version=&#8221;4.27.2&#8243; _module_preset=&#8221;default&#8221; global_colors_info=&#8221;{}&#8221;][et_pb_text _builder_version=&#8221;4.27.2&#8243; _module_preset=&#8221;default&#8221; global_colors_info=&#8221;{}&#8221;]<\/p>\n<h1>1. Anvendelsesomr\u00e5de<\/h1>\n<p>Disse generelle vilk\u00e5r og betingelser (GTC) g\u00e6lder for alle kontrakter om brug af parkeringspladser og andre tjenester, der indg\u00e5s mellem Park&amp;Fly PRO og dets kunder. Afvigende vilk\u00e5r fra kundens side anerkendes ikke, medmindre Park&amp;Fly PRO udtrykkeligt og skriftligt accepterer deres gyldighed.<\/p>\n<h1>2. Kontraktens genstand<\/h1>\n<p>Kontraktens genstand er levering af en parkeringsplads til et motork\u00f8ret\u00f8j og brug af andre tjenester inden for rammerne af Park&amp;Fly PRO. Der er ingen ret til en bestemt parkeringsplads, medmindre den udtrykkeligt er reserveret.<\/p>\n<h1>3. Indg\u00e5else af kontrakt<\/h1>\n<p>Kontrakten er indg\u00e5et, s\u00e5 snart kunden modtager en bookingbekr\u00e6ftelse. Denne bekr\u00e6ftelse sendes normalt via e-mail. Kunden forpligter sig til at bruge de bestilte tjenester i overensstemmelse med bekr\u00e6ftelsen og til at betale alle p\u00e5l\u00f8bne gebyrer.<\/p>\n<h1>4 Priser og betalingsbetingelser<\/h1>\n<p>Alle priser er i euro inkl. moms. den g\u00e6ldende lovpligtige merv\u00e6rdiafgift. Gebyrerne for de bookede tjenester skal betales senest, n\u00e5r parkeringspladsen tages i brug. Accepterede betalingsmidler fremg\u00e5r af bookingbekr\u00e6ftelsen.<\/p>\n<h1>5 Annullering og tilbagetr\u00e6kning<\/h1>\n<p>Kunden kan afbestille gratis op til 24 timer f\u00f8r den bookede parkeringsperiode. I tilf\u00e6lde af afbestilling inden for 24 timer af den bookede periode opkr\u00e6ves et afbestillingsgebyr p\u00e5 50 % af bookingprisen. I tilf\u00e6lde af udeblivelse eller aflysning efter bookingperiodens start opkr\u00e6ves det fulde bel\u00f8b.<\/p>\n<h1>6. brug af parkeringspladsen<\/h1>\n<p>Kunden er forpligtet til at parkere k\u00f8ret\u00f8jet inden for de afm\u00e6rkede omr\u00e5der og ikke genere andre brugere af parkeringspladsen. Park&amp;Fly PRO p\u00e5tager sig intet ansvar for skader p\u00e5 k\u00f8ret\u00f8jet for\u00e5rsaget af tredjeparter eller for tyveri af k\u00f8ret\u00f8jer eller k\u00f8ret\u00f8jsdele.<\/p>\n<h1>7 Ansvar og udelukkelse af ansvar<\/h1>\n<p>Park&amp;Fly PRO er kun ansvarlig for skader, der skyldes grov uagtsomhed eller fors\u00e6t. Park&amp;Fly PRO er kun ansvarlig for simpel uagtsomhed, hvis en v\u00e6sentlig kontraktlig forpligtelse er blevet overtr\u00e5dt, og ansvaret er begr\u00e6nset til den forudsigelige skade. Ansvar for indirekte skader er udelukket.<\/p>\n<h1>8. Databeskyttelse<\/h1>\n<p>Indsamling, behandling og brug af kundens personoplysninger sker udelukkende inden for rammerne af de lovm\u00e6ssige bestemmelser og som beskrevet i privatlivspolitikken.<\/p>\n<h1>9. Afsluttende bestemmelser<\/h1>\n<p>Hvis enkelte bestemmelser i disse GTC er eller bliver ugyldige, p\u00e5virker dette ikke gyldigheden af de resterende bestemmelser. I stedet for den ugyldige bestemmelse skal der anses for at v\u00e6re aftalt en bestemmelse, som kommer t\u00e6ttest p\u00e5 det \u00f8konomiske form\u00e5l med den ugyldige bestemmelse. Forbundsrepublikken Tysklands lovgivning finder anvendelse. V\u00e6rneting for alle tvister, der opst\u00e5r i forbindelse med denne kontrakt, er, s\u00e5 vidt det er lovligt, Park&amp;Fly PRO&#8217;s hjemsted.<\/p>\n<p>[\/et_pb_text][\/et_pb_column][\/et_pb_row][\/et_pb_section]<\/p>\n","protected":false},"excerpt":{"rendered":"<p>1. Anvendelsesomr\u00e5de Disse generelle vilk\u00e5r og betingelser (GTC) g\u00e6lder for alle kontrakter om brug af parkeringspladser og andre tjenester, der indg\u00e5s mellem Park&amp;Fly PRO og dets kunder. Afvigende vilk\u00e5r fra kundens side anerkendes ikke, medmindre Park&amp;Fly PRO udtrykkeligt og skriftligt accepterer deres gyldighed. 2. Kontraktens genstand Kontraktens genstand er levering af en parkeringsplads til et [&hellip;]<\/p>\n","protected":false},"author":1,"featured_media":0,"parent":0,"menu_order":0,"comment_status":"closed","ping_status":"closed","template":"","meta":{"_et_pb_use_builder":"on","_et_pb_old_content":"","_et_gb_content_width":"","footnotes":""},"class_list":["post-639","page","type-page","status-publish","hentry"],"_links":{"self":[{"href":"https:\/\/parkandflypro.de\/da\/wp-json\/wp\/v2\/pages\/639","targetHints":{"allow":["GET"]}}],"collection":[{"href":"https:\/\/parkandflypro.de\/da\/wp-json\/wp\/v2\/pages"}],"about":[{"href":"https:\/\/parkandflypro.de\/da\/wp-json\/wp\/v2\/types\/page"}],"author":[{"embeddable":true,"href":"https:\/\/parkandflypro.de\/da\/wp-json\/wp\/v2\/users\/1"}],"replies":[{"embeddable":true,"href":"https:\/\/parkandflypro.de\/da\/wp-json\/wp\/v2\/comments?post=639"}],"version-history":[{"count":3,"href":"https:\/\/parkandflypro.de\/da\/wp-json\/wp\/v2\/pages\/639\/revisions"}],"predecessor-version":[{"id":644,"href":"https:\/\/parkandflypro.de\/da\/wp-json\/wp\/v2\/pages\/639\/revisions\/644"}],"wp:attachment":[{"href":"https:\/\/parkandflypro.de\/da\/wp-json\/wp\/v2\/media?parent=639"}],"curies":[{"name":"wp","href":"https:\/\/api.w.org\/{rel}","templated":true}]}}