{"id":628,"date":"2024-11-25T13:47:26","date_gmt":"2024-11-25T13:47:26","guid":{"rendered":"https:\/\/parkandflypro.de\/eksempel-paa-side\/"},"modified":"2025-06-18T17:03:08","modified_gmt":"2025-06-18T17:03:08","slug":"eksempel-paa-side","status":"publish","type":"page","link":"https:\/\/parkandflypro.de\/da\/eksempel-paa-side\/","title":{"rendered":"Eksempel p\u00e5 side"},"content":{"rendered":"\n<p>Dette er en eksempelside. Det adskiller sig fra et blogindl\u00e6g, fordi det forbliver p\u00e5 \u00e9t sted og vises i din webstedsnavigation (i de fleste temaer). De fleste starter med en \u00bbOm\u00ab-side, som pr\u00e6senterer dem for potentielle bes\u00f8gende. Der kan st\u00e5 noget i stil med dette:<\/p>\n\n<blockquote class=\"wp-block-quote is-layout-flow wp-block-quote-is-layout-flow\"><p>Hej med jer! Jeg er cykelbud om dagen, skuespilleraspirant om natten, og dette er min hjemmeside. Jeg bor i Los Angeles, har en dejlig hund, der hedder Jack, og jeg kan godt lide pi\u00f1a coladas. (Og at blive fanget i regnen.)<\/p><\/blockquote>\n\n<p>&#8230;eller noget i den stil:<\/p>\n\n<blockquote class=\"wp-block-quote is-layout-flow wp-block-quote-is-layout-flow\"><p>XYZ Doohickey Company blev grundlagt i 1971 og har leveret kvalitetsdoohickeys til offentligheden lige siden. XYZ ligger i Gotham City og besk\u00e6ftiger over 2.000 mennesker og g\u00f8r alle mulige fantastiske ting for Gotham-samfundet.<\/p><\/blockquote>\n\n<p>Som ny WordPress-bruger skal du g\u00e5 til <a href=\"https:\/\/parkandflypro.de\/wp-admin\/\">dit dashboard<\/a> for at slette denne side og oprette nye sider til dit indhold. God forn\u00f8jelse!<\/p>\n","protected":false},"excerpt":{"rendered":"<p>Dette er en eksempelside. Det adskiller sig fra et blogindl\u00e6g, fordi det forbliver p\u00e5 \u00e9t sted og vises i din webstedsnavigation (i de fleste temaer). De fleste starter med en \u00bbOm\u00ab-side, som pr\u00e6senterer dem for potentielle bes\u00f8gende. Der kan st\u00e5 noget i stil med dette: Hej med jer! Jeg er cykelbud om dagen, skuespilleraspirant om [&hellip;]<\/p>\n","protected":false},"author":1,"featured_media":0,"parent":0,"menu_order":0,"comment_status":"closed","ping_status":"open","template":"","meta":{"_et_pb_use_builder":"","_et_pb_old_content":"","_et_gb_content_width":"","footnotes":""},"class_list":["post-628","page","type-page","status-publish","hentry"],"_links":{"self":[{"href":"https:\/\/parkandflypro.de\/da\/wp-json\/wp\/v2\/pages\/628","targetHints":{"allow":["GET"]}}],"collection":[{"href":"https:\/\/parkandflypro.de\/da\/wp-json\/wp\/v2\/pages"}],"about":[{"href":"https:\/\/parkandflypro.de\/da\/wp-json\/wp\/v2\/types\/page"}],"author":[{"embeddable":true,"href":"https:\/\/parkandflypro.de\/da\/wp-json\/wp\/v2\/users\/1"}],"replies":[{"embeddable":true,"href":"https:\/\/parkandflypro.de\/da\/wp-json\/wp\/v2\/comments?post=628"}],"version-history":[{"count":2,"href":"https:\/\/parkandflypro.de\/da\/wp-json\/wp\/v2\/pages\/628\/revisions"}],"predecessor-version":[{"id":632,"href":"https:\/\/parkandflypro.de\/da\/wp-json\/wp\/v2\/pages\/628\/revisions\/632"}],"wp:attachment":[{"href":"https:\/\/parkandflypro.de\/da\/wp-json\/wp\/v2\/media?parent=628"}],"curies":[{"name":"wp","href":"https:\/\/api.w.org\/{rel}","templated":true}]}}